{"id":663,"date":"2024-06-25T10:38:58","date_gmt":"2024-06-25T10:38:58","guid":{"rendered":"https:\/\/blossomwithdeborah.com\/communaute\/"},"modified":"2024-07-10T21:46:08","modified_gmt":"2024-07-10T21:46:08","slug":"communaute","status":"publish","type":"page","link":"https:\/\/blossomwithdeborah.com\/fr\/communaute\/","title":{"rendered":"Communaut\u00e9"},"content":{"rendered":"\t\t<div data-elementor-type=\"wp-page\" data-elementor-id=\"663\" class=\"elementor elementor-663 elementor-42\" data-elementor-post-type=\"page\">\n\t\t\t\t\t\t<section class=\"elementor-section elementor-top-section elementor-element elementor-element-2346f665 elementor-section-boxed elementor-section-height-default elementor-section-height-default\" data-id=\"2346f665\" data-element_type=\"section\" data-e-type=\"section\" data-settings=\"{&quot;background_background&quot;:&quot;classic&quot;}\">\n\t\t\t\t\t\t\t<div class=\"elementor-background-overlay\"><\/div>\n\t\t\t\t\t\t\t<div class=\"elementor-container elementor-column-gap-no\">\n\t\t\t\t\t<div class=\"elementor-column elementor-col-100 elementor-top-column elementor-element elementor-element-8f863ca\" data-id=\"8f863ca\" data-element_type=\"column\" data-e-type=\"column\">\n\t\t\t<div class=\"elementor-widget-wrap elementor-element-populated\">\n\t\t\t\t\t\t<div class=\"elementor-element elementor-element-1dadba90 elementor-invisible elementor-widget elementor-widget-elementskit-heading\" data-id=\"1dadba90\" data-element_type=\"widget\" data-e-type=\"widget\" data-settings=\"{&quot;_animation&quot;:&quot;fadeInUp&quot;,&quot;_animation_delay&quot;:200}\" data-widget_type=\"elementskit-heading.default\">\n\t\t\t\t<div class=\"elementor-widget-container\">\n\t\t\t\t\t<div class=\"ekit-wid-con\" ><div class=\"ekit-heading elementskit-section-title-wraper text_center   ekit_heading_tablet-   ekit_heading_mobile-\"><h2 class=\"ekit-heading--title elementskit-section-title \">Notre <span><span>Communaut\u00e9<\/span><\/span><\/h2>\t\t\t\t<div class='ekit-heading__description'>\n\t\t\t\t\t<p>Ne manquez jamais un \u00e9v\u00e9nement, ne manquez jamais une occasion de vous connecter \u00e0 nous! Ici, vous trouverez tout ce qui concerne la communaut\u00e9: des articles de blog, aux \u00e9v\u00e9nements, aux activit\u00e9s sur les m\u00e9dias sociaux, et bien plus encore !<\/p>\n\t\t\t\t<\/div>\n\t\t\t<\/div><\/div>\t\t\t\t<\/div>\n\t\t\t\t<\/div>\n\t\t\t\t\t<\/div>\n\t\t<\/div>\n\t\t\t\t\t<\/div>\n\t\t<\/section>\n\t\t\t\t<section class=\"elementor-section elementor-top-section elementor-element elementor-element-5575091c elementor-section-boxed elementor-section-height-default elementor-section-height-default\" data-id=\"5575091c\" data-element_type=\"section\" data-e-type=\"section\">\n\t\t\t\t\t\t<div class=\"elementor-container elementor-column-gap-no\">\n\t\t\t\t\t<div class=\"elementor-column elementor-col-100 elementor-top-column elementor-element elementor-element-1fe69ddf\" data-id=\"1fe69ddf\" data-element_type=\"column\" data-e-type=\"column\">\n\t\t\t<div class=\"elementor-widget-wrap elementor-element-populated\">\n\t\t\t\t\t\t<div class=\"elementor-element elementor-element-2188ae17 ekit-blog-posts--bg-hover bg-hover-classic elementor-widget elementor-widget-elementskit-blog-posts\" data-id=\"2188ae17\" data-element_type=\"widget\" data-e-type=\"widget\" data-widget_type=\"elementskit-blog-posts.default\">\n\t\t\t\t<div class=\"elementor-widget-container\">\n\t\t\t\t\t<div class=\"ekit-wid-con\" >        <div id=\"post-items--2188ae17\" class=\"row post-items\" data-masonry-config=\"true\">\n                    <div class=\"col-lg-4 col-md-6\">\n\n                                    <div class=\"elementskit-post-image-card\">\n                        <div class=\"elementskit-entry-header\">\n                                                            <a href=\"https:\/\/blossomwithdeborah.com\/fr\/quest-ce-que-le-travail-interieur\/\" class=\"elementskit-entry-thumb\">\n                                    <img decoding=\"async\" src=\"https:\/\/blossomwithdeborah.com\/wp-content\/uploads\/2024\/07\/Inner-work-1024x576.jpg\" alt=\"Qu&rsquo;est-ce que le travail int\u00e9rieur ?\">\n                                <\/a><!-- .elementskit-entry-thumb END -->\n                                                                                                    <div class=\"elementskit-meta-lists elementskit-style-tag\">\n                                        <div class=\"elementskit-single-meta triangle_left\"><span class=\"elementskit-meta-wraper\"><strong>04<\/strong>Juil<\/span><\/div>\n                                    <\/div>\n                                                                                            \n                                                            <div class=\"elementskit-meta-categories\">\n                                    <span class=\"elementskit-meta-wraper\">\n                                        <span><a href=\"https:\/\/blossomwithdeborah.com\/category\/blog\/\" rel=\"category tag\">Blog<\/a><\/span>\n                                    <\/span>\n                                <\/div>\n                            \n\t\t\t\t\t\t\t\t\t\t\t\t\t<\/div><!-- .elementskit-entry-header END -->\n\n\t\t\t\t\t\t<div class=\"elementskit-post-body \">\n\t\t\t\t\t\t\t\n\t\t\t\t\t\t\t\t\t\t\t\t\t\t\t\t\t\t\t\t\t\t\t\t\t\t\t\t\t\t\n\t\t\t\t\t\t\t\t\n\t\t\t\t\t\t\t\t\t\t\t\t\t\t\t\t\t\t\t\t\t<h2 class=\"entry-title\">\n\t\t\t\t\t<a href=\"https:\/\/blossomwithdeborah.com\/fr\/quest-ce-que-le-travail-interieur\/\">\n\t\t\t\t\t\tQu&rsquo;est-ce que le travail int\u00e9rieur ?\t\t\t\t\t<\/a>\n\t\t\t\t<\/h2>\n\t\t\t\t\t\t\t\t\t\t\t\t\t\t\t\t\t\t\t\t\t\t\t\t\t\t\t\t\t\t\t\t\t\t\t\t\t\t\t\t\t\t<p>Vous \u00eates-vous d\u00e9j\u00e0 demand\u00e9 pourquoi vous vouliez \u00eatre en bonne sant\u00e9, faire du sport trois fois par semaine et \u00eatre\u2026<\/p>\n\t\t\t\t\t\t\t\t\t\t\t\t\t\t\t\t\t\t\t\t\t\t                                                            <div class=\"btn-wraper\">\n                                                                            <a class=\"elementskit-btn whitespace--normal\" id=\"\" href=\"https:\/\/blossomwithdeborah.com\/fr\/quest-ce-que-le-travail-interieur\/\">\n                                            Lire la suite                                            <i aria-hidden=\"true\" class=\"icon icon-arrow-right\"><\/i>                                        <\/a>\n                                    \n                                                                    <\/div>\n                                                    <\/div><!-- .elementskit-post-body END -->\n                    <\/div>\n                \n            <\/div>\n                <\/div>\n       <\/div>\t\t\t\t<\/div>\n\t\t\t\t<\/div>\n\t\t\t\t\t<\/div>\n\t\t<\/div>\n\t\t\t\t\t<\/div>\n\t\t<\/section>\n\t\t\t\t<\/div>\n\t\t","protected":false},"excerpt":{"rendered":"<p>Notre Communaut\u00e9 Ne manquez jamais un \u00e9v\u00e9nement, ne manquez jamais une occasion de vous connecter \u00e0 nous! Ici, vous trouverez tout ce qui concerne la communaut\u00e9: des articles de blog, aux \u00e9v\u00e9nements, aux activit\u00e9s sur les m\u00e9dias sociaux, et bien plus encore ! 04Jul Blog What is Inner Work? Have you ever wondered why you [&hellip;]<\/p>\n","protected":false},"author":1,"featured_media":0,"parent":0,"menu_order":0,"comment_status":"closed","ping_status":"closed","template":"elementor_header_footer","meta":{"_monsterinsights_skip_tracking":false,"_monsterinsights_sitenote_active":false,"_monsterinsights_sitenote_note":"","_monsterinsights_sitenote_category":0,"footnotes":""},"class_list":["post-663","page","type-page","status-publish","hentry"],"_links":{"self":[{"href":"https:\/\/blossomwithdeborah.com\/fr\/wp-json\/wp\/v2\/pages\/663","targetHints":{"allow":["GET"]}}],"collection":[{"href":"https:\/\/blossomwithdeborah.com\/fr\/wp-json\/wp\/v2\/pages"}],"about":[{"href":"https:\/\/blossomwithdeborah.com\/fr\/wp-json\/wp\/v2\/types\/page"}],"author":[{"embeddable":true,"href":"https:\/\/blossomwithdeborah.com\/fr\/wp-json\/wp\/v2\/users\/1"}],"replies":[{"embeddable":true,"href":"https:\/\/blossomwithdeborah.com\/fr\/wp-json\/wp\/v2\/comments?post=663"}],"version-history":[{"count":4,"href":"https:\/\/blossomwithdeborah.com\/fr\/wp-json\/wp\/v2\/pages\/663\/revisions"}],"predecessor-version":[{"id":843,"href":"https:\/\/blossomwithdeborah.com\/fr\/wp-json\/wp\/v2\/pages\/663\/revisions\/843"}],"wp:attachment":[{"href":"https:\/\/blossomwithdeborah.com\/fr\/wp-json\/wp\/v2\/media?parent=663"}],"curies":[{"name":"wp","href":"https:\/\/api.w.org\/{rel}","templated":true}]}}